{"id":107,"date":"2024-07-17T21:43:01","date_gmt":"2024-07-17T19:43:01","guid":{"rendered":"https:\/\/restaurangornen.nu\/24\/kontakt\/"},"modified":"2024-07-20T03:55:43","modified_gmt":"2024-07-20T01:55:43","slug":"kontakt","status":"publish","type":"page","link":"https:\/\/restaurangornen.nu\/24\/kontakt\/","title":{"rendered":"Kontakt"},"content":{"rendered":"\n    \n    <section class=\"skrollable u-clearfix u-container-align-center u-image u-parallax u-shading u-section-2\" id=\"sec-a128\" data-image-width=\"1060\" data-image-height=\"708\" style=\"background-image: linear-gradient(0deg, rgba(0, 0, 0, 0.25), rgba(0, 0, 0, 0.25)), url(&quot;https:\/\/restaurangornen.nu\/24\/wp-content\/uploads\/2024\/07\/25.jpg&quot;);\">\n      <div class=\"u-clearfix u-sheet u-valign-middle u-sheet-1\">\n        <h1 class=\"u-align-center u-text u-text-default u-text-1\" data-animation-name=\"pulse\" data-animation-duration=\"1000\" data-animation-delay=\"1000\" data-animation-direction=\"\">Kontakta \u200b\u200bOss <\/h1>\n        <a href=\"https:\/\/restaurangornen.nu\/24\/kontakt\/#sec-df83\" class=\"u-black u-btn u-button-style u-btn-1\" data-animation-name=\"flash\" data-animation-duration=\"1000\" data-animation-delay=\"2000\" data-animation-direction=\"\">Visa mer<\/a>\n      <\/div>\n    <\/section>\n    <section class=\"u-clearfix u-container-align-center u-section-3\" id=\"sec-df83\">\n      <div class=\"u-clearfix u-sheet u-valign-middle-md u-valign-middle-sm u-valign-middle-xs u-sheet-1\">\n        <h2 class=\"u-align-center u-text u-text-default u-text-1\" data-animation-name=\"customAnimationIn\" data-animation-duration=\"1000\" data-animation-delay=\"1000\"><span class=\"u-file-icon u-icon\"><img decoding=\"async\" src=\"https:\/\/restaurangornen.nu\/24\/wp-content\/uploads\/2024\/07\/16395919.png\" alt=\"\"><\/span>&nbsp;\u200bHar ni n\u00e5gra fr\u00e5gor\n        <\/h2>\n        <p class=\"u-align-center u-text u-text-2\" data-animation-name=\"customAnimationIn\" data-animation-duration=\"1000\" data-animation-delay=\"2000\"> Vill du veta om n\u00e5gon av v\u00e5ra ingredienser eller leverant\u00f6rer? Eller kanske du bara vill s\u00e4ga Aloha? Skicka oss ett meddelande nedan s\u00e5 \u00e5terkommer vi direkt.<\/p>\n        <div class=\"u-form u-form-1\">\n          <form action=\"https:\/\/forms.nicepagesrv.com\/v2\/form\/process\" class=\"u-clearfix u-form-spacing-10 u-form-vertical u-inner-form\" source=\"email\" name=\"form-1\" style=\"padding: 10px;\">\n            <div class=\"u-form-group u-form-name\">\n              <label for=\"name-3755\" class=\"u-label\">Namn <\/label>\n              <input type=\"text\" id=\"name-3755\" name=\"name\" class=\"u-input u-input-rectangle\" required=\"\">\n            <\/div>\n            <div class=\"u-form-group u-form-partition-factor-2 u-form-phone u-form-group-2\">\n              <label for=\"phone-06af\" class=\"u-label\">Telefon<\/label>\n              <input type=\"tel\" placeholder=\"070-123 45 67\" id=\"phone-06af\" name=\"phone\" class=\"u-input u-input-rectangle\" required=\"\" data-country-code=\"se\">\n            <\/div>\n            <div class=\"u-form-email u-form-group u-form-partition-factor-2\">\n              <label for=\"email-3755\" class=\"u-label\">E-post<\/label>\n              <input type=\"email\" placeholder=\"E-post?\" id=\"email-3755\" name=\"email\" class=\"u-input u-input-rectangle\" required=\"\">\n            <\/div>\n            <div class=\"u-form-group u-form-message\">\n              <label for=\"message-3755\" class=\"u-label\">Meddelande <\/label>\n              <textarea placeholder=\"\u200b\" rows=\"4\" cols=\"50\" id=\"message-3755\" name=\"message\" class=\"u-input u-input-rectangle\" required=\"\"><\/textarea>\n            <\/div>\n            <div class=\"u-align-left u-form-group u-form-submit\">\n              <a href=\"#\" class=\"u-border-none u-btn u-btn-submit u-button-style u-palette-3-base u-btn-1\">Submit<\/a>\n              <input type=\"submit\" value=\"submit\" class=\"u-form-control-hidden\">\n            <\/div>\n            <div class=\"u-form-send-message u-form-send-success\">Din meddelande har skickats<\/div>\n            <div class=\"u-form-send-error u-form-send-message\">Prova igen!<\/div>\n            <input type=\"hidden\" value=\"\" name=\"recaptchaResponse\">\n            <input type=\"hidden\" name=\"formServices\" value=\"6ef02127-fe4e-3fa4-6235-d038f303a22d\">\n          <\/form>\n        <\/div>\n      <\/div>\n    <\/section>\n    <section class=\"u-black u-clearfix u-container-align-center u-section-4\" id=\"sec-24d4\">\n      <div class=\"u-clearfix u-sheet u-valign-middle u-sheet-1\">\n        <h2 class=\"u-align-center u-text u-text-custom-color-7 u-text-default u-text-1\" data-animation-name=\"customAnimationIn\" data-animation-duration=\"1000\" data-animation-delay=\"1000\"> vi har \u00f6ppet<\/h2>\n        <p class=\"u-align-center u-text u-text-default u-text-2\" data-animation-name=\"customAnimationIn\" data-animation-duration=\"1000\" data-animation-delay=\"2000\"> Vi ger dig smaken av havet, men \u00e4r bel\u00e4gna i hj\u00e4rtat av centrum.<br>\n          <span style=\"font-weight: 700;\"><\/span>\n          <span style=\"font-weight: 700;\">Leverans inom 25 km i valfri riktning.<\/span>\n        <\/p>\n        <h6 class=\"u-align-center u-text u-text-default u-text-3\" data-animation-name=\"customAnimationIn\" data-animation-duration=\"1000\" data-animation-delay=\"3000\">M\u00e5n - Tis&nbsp; &nbsp;<span style=\"font-weight: 700;\">11:00 - 14:00<\/span>\n          <br>Ons - Tors&nbsp;&nbsp;<span style=\"font-weight: 700;\">11.00 - 20.00<\/span>\n          <br>Fredag&nbsp; &nbsp; &nbsp; &nbsp;<span style=\"font-weight: 700;\">12.00 - 20.00<\/span>\n          <br>L\u00f6rdag \u200b&nbsp; &nbsp; &nbsp;&nbsp;<span style=\"font-weight: 700;\">12:00 - 20:00<\/span>\n          <br>S\u00f6ndag&nbsp; &nbsp; &nbsp; &nbsp; &nbsp; &nbsp; &nbsp; &nbsp; &nbsp;<span style=\"font-weight: 700;\">St\u00e4ngt<\/span>\n        <\/h6>\n      <\/div>\n    <\/section>\n    <section class=\"u-align-center u-clearfix u-section-5\" id=\"sec-7c59\">\n      <div class=\"u-clearfix u-sheet u-sheet-1\">\n        <h2 class=\"u-text u-text-1\" data-animation-name=\"customAnimationIn\" data-animation-duration=\"1000\" data-animation-delay=\"1000\"><span class=\"u-file-icon u-icon u-icon-1\"><img decoding=\"async\" src=\"https:\/\/restaurangornen.nu\/24\/wp-content\/uploads\/2024\/07\/32473.png\" alt=\"\"><\/span>&nbsp;\u200bkontakter \n        <\/h2>\n        <div class=\"data-layout-selected u-clearfix u-expanded-width u-layout-wrap u-layout-wrap-1\">\n          <div class=\"u-layout\">\n            <div class=\"u-layout-row\">\n              <div class=\"u-align-left u-container-align-center-sm u-container-align-center-xs u-container-style u-layout-cell u-size-30 u-layout-cell-1\">\n                <div class=\"u-container-layout u-valign-top u-container-layout-1\">\n                  <div class=\"u-border-4 u-border-custom-color-7 u-image u-image-circle u-image-1\" alt=\"\" data-image-width=\"918\" data-image-height=\"1377\" data-animation-name=\"customAnimationIn\" data-animation-duration=\"2000\" style=\"background-image: url(&quot;https:\/\/restaurangornen.nu\/24\/wp-content\/uploads\/2024\/07\/image1.png&quot;);\"><\/div>\n                  <p class=\"u-align-center-sm u-align-center-xs u-text u-text-2\" data-animation-name=\"customAnimationIn\" data-animation-duration=\"1000\" data-animation-delay=\"2000\"> Anv\u00e4nd v\u00e5rt <span style=\"font-style: italic; font-weight: 700;\">kontaktformul\u00e4r<\/span> f\u00f6r alla informationsf\u00f6rfr\u00e5gningar eller <span style=\"font-style: italic; font-weight: 700;\">kontakta oss direkt<\/span> med kontaktuppgifterna nedan.<br> Kontakta oss g\u00e4rna via mail eller telefon. \n                  <\/p>\n                <\/div>\n              <\/div>\n              <div class=\"u-container-style u-layout-cell u-size-30 u-layout-cell-2\">\n                <div class=\"u-container-layout u-valign-top-lg u-valign-top-md u-valign-top-sm u-valign-top-xl u-container-layout-2\">\n                  <h5 class=\"u-text u-text-default-lg u-text-default-md u-text-default-sm u-text-default-xl u-text-3\" data-animation-name=\"customAnimationIn\" data-animation-duration=\"1000\" data-animation-delay=\"0\"> Anm\u00e4l dig till nyhetsbrevet<\/h5>\n                  <p class=\"u-custom-font u-font-montserrat u-text u-text-default u-text-4\" data-animation-name=\"customAnimationIn\" data-animation-duration=\"1000\" data-animation-delay=\"2000\"> Vill du vara f\u00f6rst med att l\u00e4sa v\u00e5ra nyheter? Prenumerera p\u00e5 nyhetsbrevet f\u00f6r att h\u00e5lla dig uppdaterad om alla h\u00e4ndelser.<\/p>\n                  <div class=\"u-expanded-width u-form u-form-1\">\n                    <form action=\"https:\/\/forms.nicepagesrv.com\/v2\/form\/process\" class=\"u-clearfix u-form-horizontal u-form-spacing-0 u-inner-form\" source=\"email\" name=\"form\" style=\"padding: 0px;\">\n                      <div class=\"u-form-group u-label-none u-form-group-1\">\n                        <label for=\"text-9f4e\" class=\"u-label\">Input<\/label>\n                        <input type=\"text\" placeholder=\"Meddelande\" id=\"text-9f4e\" name=\"text\" class=\"u-border-none u-grey-5 u-input u-input-rectangle\">\n                      <\/div>\n                      <div class=\"u-form-email u-form-group u-label-none\">\n                        <label for=\"email-6564\" class=\"u-label\">Email<\/label>\n                        <input type=\"email\" placeholder=\"Ange en giltig e-postadress\" id=\"email-6564\" name=\"email\" class=\"u-border-none u-grey-5 u-input u-input-rectangle\" required=\"\">\n                      <\/div>\n                      <div class=\"u-align-left u-form-group u-form-submit u-label-none\">\n                        <a href=\"#\" class=\"u-border-none u-btn u-btn-submit u-button-style u-custom-color-7 u-hover-black u-text-hover-white u-btn-1\">Skicka<\/a>\n                        <input type=\"submit\" value=\"submit\" class=\"u-form-control-hidden\">\n                      <\/div>\n                      <div class=\"u-form-send-message u-form-send-success\"> Thank you! Your message has been sent. <\/div>\n                      <div class=\"u-form-send-error u-form-send-message\"> Unable to send your message. Please fix errors then try again. <\/div>\n                      <input type=\"hidden\" value=\"\" name=\"recaptchaResponse\">\n                      <input type=\"hidden\" name=\"formServices\" value=\"6ef02127-fe4e-3fa4-6235-d038f303a22d\">\n                    <\/form>\n                  <\/div>\n                  <img decoding=\"async\" class=\"u-border-4 u-border-custom-color-7 u-expanded-width u-image u-image-round u-radius u-image-2\" src=\"https:\/\/restaurangornen.nu\/24\/wp-content\/uploads\/2024\/07\/114.jpg\" alt=\"\" data-image-width=\"360\" data-image-height=\"509\">\n                <\/div>\n              <\/div>\n            <\/div>\n          <\/div>\n        <\/div>\n      <\/div>\n    <\/section>\n    \n    \n    \n  \n","protected":false},"excerpt":{"rendered":"Kontakta \u200b\u200bOss Visa mer &nbsp;\u200bHar ni n\u00e5gra fr\u00e5gor Vill du veta om n\u00e5gon av v\u00e5ra ingredienser eller leverant\u00f6rer? Eller kanske du bara vill s\u00e4ga Aloha? Skicka oss ett meddelande nedan s\u00e5 \u00e5terkommer vi direkt. Namn Telefon E-post Meddelande Submit Din meddelande har skickats Prova igen! vi har \u00f6ppet Vi ger dig smaken av havet, men &hellip; <a href=\"https:\/\/restaurangornen.nu\/24\/kontakt\/\" class=\"more-link\">Continue reading<span class=\"screen-reader-text\"> &#8220;Kontakt&#8221;<\/span><\/a>","protected":false},"author":1,"featured_media":0,"parent":0,"menu_order":8,"comment_status":"closed","ping_status":"closed","template":"","meta":{"footnotes":""},"class_list":["post-107","page","type-page","status-publish","hentry"],"_links":{"self":[{"href":"https:\/\/restaurangornen.nu\/24\/wp-json\/wp\/v2\/pages\/107","targetHints":{"allow":["GET"]}}],"collection":[{"href":"https:\/\/restaurangornen.nu\/24\/wp-json\/wp\/v2\/pages"}],"about":[{"href":"https:\/\/restaurangornen.nu\/24\/wp-json\/wp\/v2\/types\/page"}],"author":[{"embeddable":true,"href":"https:\/\/restaurangornen.nu\/24\/wp-json\/wp\/v2\/users\/1"}],"replies":[{"embeddable":true,"href":"https:\/\/restaurangornen.nu\/24\/wp-json\/wp\/v2\/comments?post=107"}],"version-history":[{"count":6,"href":"https:\/\/restaurangornen.nu\/24\/wp-json\/wp\/v2\/pages\/107\/revisions"}],"predecessor-version":[{"id":182,"href":"https:\/\/restaurangornen.nu\/24\/wp-json\/wp\/v2\/pages\/107\/revisions\/182"}],"wp:attachment":[{"href":"https:\/\/restaurangornen.nu\/24\/wp-json\/wp\/v2\/media?parent=107"}],"curies":[{"name":"wp","href":"https:\/\/api.w.org\/{rel}","templated":true}]}}