{"id":104,"date":"2024-07-17T21:42:58","date_gmt":"2024-07-17T19:42:58","guid":{"rendered":"https:\/\/restaurangornen.nu\/24\/foodtruck\/"},"modified":"2024-07-17T21:43:04","modified_gmt":"2024-07-17T19:43:04","slug":"foodtruck","status":"publish","type":"page","link":"https:\/\/restaurangornen.nu\/24\/foodtruck\/","title":{"rendered":"Foodtruck"},"content":{"rendered":"\n  \n    <section class=\"u-clearfix u-image u-section-1\" id=\"carousel_d6ec\" data-image-width=\"929\" data-image-height=\"1280\" style=\"background-image: url(&quot;https:\/\/images.unsplash.com\/photo-1565299507177-b0ac66763828?crop=entropy&amp;cs=srgb&amp;fm=jpg&amp;ixid=M3w1NzgzNjl8MHwxfHNlYXJjaHwzOXx8Zm9vZHxlbnwwfHx8fDE3MTcxNTUzNzV8MA&amp;ixlib=rb-4.0.3&amp;q=85&quot;);\">\n      <div class=\"u-clearfix u-sheet u-valign-middle u-sheet-1\">\n        <div class=\"u-container-style u-expanded-width-xs u-group u-radius-50 u-shape-round u-white u-group-1\">\n          <div class=\"u-container-layout u-container-layout-1\">\n            <h3 class=\"u-align-left u-custom-font u-font-montserrat u-text u-text-1\" data-animation-name=\"customAnimationIn\" data-animation-duration=\"1000\" data-animation-delay=\"1000\"> Suggen p\u00e5 n\u00e5got nytt?&nbsp;<span class=\"u-file-icon u-icon u-icon-1\"><img decoding=\"async\" src=\"https:\/\/restaurangornen.nu\/24\/wp-content\/uploads\/2024\/07\/2095671.png\" alt=\"\"><\/span>\n            <\/h3>\n            <p class=\"u-text u-text-palette-1-dark-3 u-text-2\" data-animation-name=\"customAnimationIn\" data-animation-duration=\"1000\" data-animation-delay=\"2000\"> Hos oss du kan uppleva mat fr\u00e5n olika v\u00e4rldsdelar. \u200bKika in v\u00e5ra menyer f\u00f6r <a href=\"#\" class=\"u-active-none u-border-none u-btn u-button-style u-hover-none u-none u-text-palette-1-base u-btn-1\">Frukost<\/a>, <a href=\"#\" class=\"u-active-none u-border-none u-btn u-button-style u-hover-none u-none u-text-palette-1-base u-btn-2\">Lunch<\/a>, <a href=\"#\" class=\"u-active-none u-border-none u-btn u-button-link u-button-style u-hover-none u-none u-text-palette-1-base u-btn-3\">Fest<\/a>, <a href=\"#\" class=\"u-active-none u-border-none u-btn u-button-style u-hover-none u-none u-text-palette-1-base u-btn-4\">Catering<\/a>, <a href=\"#\" class=\"u-active-none u-border-none u-btn u-button-style u-hover-none u-none u-text-palette-1-base u-btn-5\">H\u00e4mtmat<\/a>&nbsp;och \u00e4ven <a href=\"#\" class=\"u-active-none u-border-none u-btn u-button-style u-hover-none u-none u-text-palette-1-base u-btn-6\">Foodtruck<\/a>&nbsp;menyer. Njuta!<span class=\"u-file-icon u-icon u-icon-2\"><\/span>\n              <br>\n            <\/p>\n            <a href=\"https:\/\/restaurangornen.nu\/24\/foodtruck\/#carousel_d929\" class=\"u-active-grey-60 u-border-none u-btn u-btn-round u-button-style u-custom-color-7 u-hover-black u-radius-50 u-text-active-white u-text-hover-white u-btn-7\" data-animation-name=\"flash\" data-animation-duration=\"1000\" data-animation-delay=\"3000\" data-animation-direction=\"\">VISA MER <\/a>\n          <\/div>\n        <\/div>\n      <\/div>\n    <\/section>\n    <section class=\"u-black u-clearfix u-section-2\" id=\"carousel_d929\">\n      <div class=\"data-layout-selected u-clearfix u-layout-wrap u-layout-wrap-1\">\n        <div class=\"u-layout\">\n          <div class=\"u-layout-row\">\n            <div class=\"u-align-left u-container-style u-layout-cell u-left-cell u-shape-rectangle u-size-28 u-layout-cell-1\">\n              <div class=\"u-container-layout u-container-layout-1\">\n                <h1 class=\"u-custom-font u-font-merriweather u-text u-text-custom-color-7 u-text-1\" data-animation-name=\"customAnimationIn\" data-animation-duration=\"1000\" data-animation-delay=\"1000\">Foodtruck<br>\n                <\/h1>\n                <p class=\"u-text u-text-white u-text-2\" data-animation-name=\"customAnimationIn\" data-animation-duration=\"1000\" data-animation-delay=\"2000\"> ALLA VECKOR &amp; VARDAGAR MELLAN 10:00-18:00 P\u00c5&nbsp;<u>SCA&nbsp;Obbola<\/u>\n                  <br>Dyk upp p\u00e5 plats eller best\u00e4ll genom att ringa <span style=\"font-weight: 700; font-style: italic;\">\n                    <a href=\"tel:0738001681\" class=\"u-active-none u-border-none u-btn u-button-link u-button-style u-hover-none u-none u-text-active-white u-text-custom-color-7 u-text-hover-white u-btn-1\">0738001681<\/a>\n                  <\/span>\n                <\/p>\n                <a href=\"https:\/\/restaurangornen.nu\/24\/foodtruck\/#carousel_4df5\" class=\"u-border-none u-btn u-btn-round u-button-style u-custom-color-7 u-hover-black u-radius-50 u-text-active-white u-text-black u-text-hover-white u-btn-2\" data-animation-name=\"flash\" data-animation-duration=\"1000\" data-animation-delay=\"3000\" data-animation-direction=\"\">visa mer <\/a>\n              <\/div>\n            <\/div>\n            <div class=\"u-container-style u-layout-cell u-right-cell u-shape-rectangle u-size-32 u-layout-cell-2\">\n              <div class=\"u-container-layout u-valign-middle-md u-valign-middle-sm u-valign-middle-xs u-container-layout-2\">\n                <img decoding=\"async\" class=\"u-border-4 u-border-custom-color-7 u-expanded-width-md u-expanded-width-sm u-expanded-width-xs u-image u-image-round u-radius u-image-1\" src=\"https:\/\/restaurangornen.nu\/24\/wp-content\/uploads\/2024\/07\/ornensommar.jpg\" alt=\"\" data-image-width=\"770\" data-image-height=\"654\" data-animation-name=\"customAnimationIn\" data-animation-duration=\"1000\" data-animation-delay=\"4000\">\n                <div class=\"u-border-4 u-border-custom-color-7 u-hidden-md u-hidden-sm u-hidden-xs u-image u-image-circle u-image-2\" alt=\"\" data-image-width=\"626\" data-image-height=\"417\" data-animation-name=\"customAnimationIn\" data-animation-duration=\"1000\" data-animation-delay=\"5000\" data-animation-direction=\"\" style=\"background-image: url(&quot;https:\/\/restaurangornen.nu\/24\/wp-content\/uploads\/2024\/07\/avhamtningmat.png&quot;);\"><\/div>\n              <\/div>\n            <\/div>\n          <\/div>\n        <\/div>\n      <\/div>\n    <\/section>\n    <section class=\"u-align-center u-clearfix u-section-3\" id=\"carousel_4df5\">\n      <div class=\"u-clearfix u-sheet u-sheet-1\">\n        <blockquote class=\"u-border-custom-color-7 u-text u-text-default u-text-1\" data-animation-name=\"customAnimationIn\" data-animation-duration=\"1000\" data-animation-delay=\"1000\"> Vegetariskt\/Tofu&nbsp;<b>90:-<\/b>&nbsp; &nbsp;Kyckling&nbsp;<b>95:-<\/b>&nbsp; &nbsp;Biff&nbsp;<b>99:-<\/b>&nbsp; &nbsp;R\u00e4kor&nbsp;<b>99:-<\/b>\n        <\/blockquote>\n        <h6 class=\"u-align-center-xs u-text u-text-2\" data-animation-name=\"customAnimationIn\" data-animation-duration=\"1000\" data-animation-delay=\"1000\" data-animation-direction=\"\"><span class=\"u-file-icon u-icon u-text-custom-color-7\"><img decoding=\"async\" src=\"https:\/\/restaurangornen.nu\/24\/wp-content\/uploads\/2024\/07\/e76945ac.png\" alt=\"\"><\/span> &nbsp; Grytor - med ris\n        <\/h6>\n        <div class=\"u-expanded-width u-list u-list-1\">\n          <div class=\"u-repeater u-repeater-1\">\n            <div class=\"u-align-center-xs u-align-left-md u-align-left-sm u-container-style u-list-item u-radius-50 u-repeater-item u-shape-round u-white u-list-item-1\">\n              <div class=\"u-container-layout u-similar-container u-container-layout-1\">\n                <div class=\"u-border-4 u-border-custom-color-7 u-image u-image-circle u-image-1\" alt=\"\" data-image-width=\"290\" data-image-height=\"174\" style=\"background-image: url(&quot;https:\/\/restaurangornen.nu\/24\/wp-content\/uploads\/2024\/07\/69.jpg&quot;);\"><\/div>\n                <h5 class=\"u-align-center-lg u-align-center-xl u-custom-font u-font-merriweather u-text u-text-3\"><b>1.KAENG KHEO WHAN&nbsp;<\/b>\n                <\/h5>\n                <p class=\"u-align-left-lg u-align-left-xl u-text u-text-4\">Gr\u00f6ncurry, kokosmj\u00f6lk, bambuskott, l\u00f6k, zucchini, morot och basilika<\/p>\n              <\/div>\n            <\/div>\n            <div class=\"u-align-center-xs u-align-left-md u-align-left-sm u-container-style u-list-item u-radius-50 u-repeater-item u-shape-round u-white u-list-item-2\">\n              <div class=\"u-container-layout u-similar-container u-container-layout-2\">\n                <div class=\"u-border-4 u-border-custom-color-7 u-image u-image-circle u-image-2\" alt=\"\" data-image-width=\"600\" data-image-height=\"750\" style=\"background-image: url(&quot;https:\/\/restaurangornen.nu\/24\/wp-content\/uploads\/2024\/07\/73.jpg&quot;);\"><\/div>\n                <h5 class=\"u-align-center-lg u-align-center-xl u-custom-font u-font-merriweather u-text u-text-5\"><b>2. KAENG PANANG<\/b>\n                <\/h5>\n                <p class=\"u-align-left-lg u-align-left-xl u-text u-text-6\"> Panang curry, kokosmj\u00f6lk, l\u00f6k,&nbsp; paprika och limeblad<\/p>\n              <\/div>\n            <\/div>\n            <div class=\"u-align-center-xs u-align-left-md u-align-left-sm u-container-style u-list-item u-radius-50 u-repeater-item u-shape-round u-white u-list-item-3\">\n              <div class=\"u-container-layout u-similar-container u-container-layout-3\">\n                <div class=\"u-border-4 u-border-custom-color-7 u-image u-image-circle u-image-3\" alt=\"\" data-image-width=\"500\" data-image-height=\"375\" style=\"background-image: url(&quot;https:\/\/restaurangornen.nu\/24\/wp-content\/uploads\/2024\/07\/75.jpg&quot;);\"><\/div>\n                <h5 class=\"u-align-center-lg u-align-center-xl u-custom-font u-font-merriweather u-text u-text-7\"><b>3. KAENG MASSAMAN<\/b>\n                <\/h5>\n                <p class=\"u-align-left-lg u-align-left-xl u-text u-text-8\">Massamancurry, kokosmj\u00f6lk, l\u00f6k, potatis, morot, paprika och jordn\u00f6tter<\/p>\n              <\/div>\n            <\/div>\n            <div class=\"u-align-center-xs u-align-left-md u-align-left-sm u-container-style u-list-item u-radius-50 u-repeater-item u-shape-round u-white u-list-item-4\">\n              <div class=\"u-container-layout u-similar-container u-container-layout-4\">\n                <div class=\"u-border-4 u-border-custom-color-7 u-image u-image-circle u-image-4\" alt=\"\" data-image-width=\"556\" data-image-height=\"360\" style=\"background-image: url(&quot;https:\/\/restaurangornen.nu\/24\/wp-content\/uploads\/2024\/07\/81.jpg&quot;);\"><\/div>\n                <h5 class=\"u-align-center-lg u-align-center-xl u-custom-font u-font-merriweather u-text u-text-9\"><b>4.KAENG PHED<\/b>\n                <\/h5>\n                <p class=\"u-align-left-lg u-align-left-xl u-text u-text-10\">R\u00f6dcurry, kokosmj\u00f6lk, bambuskott, morot, paprika och basilika<\/p>\n              <\/div>\n            <\/div>\n          <\/div>\n        <\/div>\n      <\/div>\n    <\/section>\n    <section class=\"u-align-center u-clearfix u-section-4\" id=\"carousel_e974\">\n      <div class=\"u-clearfix u-sheet u-valign-middle-md u-valign-middle-sm u-sheet-1\">\n        <h6 class=\"u-text u-text-default-lg u-text-default-md u-text-default-sm u-text-default-xl u-text-1\" data-animation-name=\"customAnimationIn\" data-animation-duration=\"1000\" data-animation-delay=\"1000\"> &nbsp;<span class=\"u-file-icon u-icon u-text-custom-color-7\"><img decoding=\"async\" src=\"https:\/\/restaurangornen.nu\/24\/wp-content\/uploads\/2024\/07\/e76945ac.png\" alt=\"\"><\/span> &nbsp; Wokat - med ris\n        <\/h6>\n        <div class=\"u-expanded-width u-list u-list-1\">\n          <div class=\"u-repeater u-repeater-1\">\n            <div class=\"u-align-center-xs u-container-style u-list-item u-radius-50 u-repeater-item u-shape-round u-white u-list-item-1\">\n              <div class=\"u-container-layout u-similar-container u-container-layout-1\">\n                <div class=\"u-border-4 u-border-custom-color-7 u-image u-image-circle u-image-1\" alt=\"\" data-image-width=\"1200\" data-image-height=\"800\" style=\"background-image: url(&quot;https:\/\/restaurangornen.nu\/24\/wp-content\/uploads\/2024\/07\/82.jpg&quot;);\"><\/div>\n                <h5 class=\"u-align-left-lg u-align-left-md u-align-left-sm u-align-left-xl u-custom-font u-font-merriweather u-text u-text-2\"><b>5. PHAD MED MAMUANG<\/b>&nbsp;\n                <\/h5>\n                <p class=\"u-align-left-lg u-align-left-md u-align-left-sm u-align-left-xl u-text u-text-3\">Cashewn\u00f6t, l\u00f6k, ananas, morot, paprika, vitk\u00e5l och ostrons\u00e5s<\/p>\n              <\/div>\n            <\/div>\n            <div class=\"u-align-center-xs u-container-style u-list-item u-radius-50 u-repeater-item u-shape-round u-white u-list-item-2\">\n              <div class=\"u-container-layout u-similar-container u-container-layout-2\">\n                <div class=\"u-border-4 u-border-custom-color-7 u-image u-image-circle u-image-2\" alt=\"\" data-image-width=\"768\" data-image-height=\"1024\" style=\"background-image: url(&quot;https:\/\/restaurangornen.nu\/24\/wp-content\/uploads\/2024\/07\/85.jpg&quot;);\"><\/div>\n                <h5 class=\"u-align-left-lg u-align-left-md u-align-left-sm u-align-left-xl u-custom-font u-font-merriweather u-text u-text-4\"><b><\/b><b>6. PHAD PAK RUAMMIT<\/b>\n                <\/h5>\n                <p class=\"u-align-left-lg u-align-left-md u-align-left-sm u-align-left-xl u-text u-text-5\">Broccoli, vitk\u00e5l, morot, l\u00f6k, champinjoner, paprika, purjol\u00f6k, tomat och ostrons\u00e5s<\/p>\n              <\/div>\n            <\/div>\n            <div class=\"u-align-center-xs u-container-style u-list-item u-radius-50 u-repeater-item u-shape-round u-white u-list-item-3\">\n              <div class=\"u-container-layout u-similar-container u-container-layout-3\">\n                <div class=\"u-border-4 u-border-custom-color-7 u-image u-image-circle u-image-3\" alt=\"\" data-image-width=\"500\" data-image-height=\"500\" style=\"background-image: url(&quot;https:\/\/restaurangornen.nu\/24\/wp-content\/uploads\/2024\/07\/86.jpg&quot;);\"><\/div>\n                <h5 class=\"u-align-left-lg u-align-left-md u-align-left-sm u-align-left-xl u-custom-font u-font-merriweather u-text u-text-6\"><b>7. PHAD BAI KRAPRAO&nbsp;<\/b>\n                <\/h5>\n                <p class=\"u-align-left-lg u-align-left-md u-align-left-sm u-align-left-xl u-text u-text-7\">Vitl\u00f6k, chili, l\u00f6k, bambuskott, paprika, morot, basilika och ostrons\u00e5s<\/p>\n              <\/div>\n            <\/div>\n            <div class=\"u-align-center-xs u-container-style u-list-item u-radius-50 u-repeater-item u-shape-round u-white u-list-item-4\">\n              <div class=\"u-container-layout u-similar-container u-container-layout-4\">\n                <div class=\"u-border-4 u-border-custom-color-7 u-image u-image-circle u-image-4\" alt=\"\" data-image-width=\"700\" data-image-height=\"1050\" style=\"background-image: url(&quot;https:\/\/restaurangornen.nu\/24\/wp-content\/uploads\/2024\/07\/87.jpg&quot;);\"><\/div>\n                <h5 class=\"u-align-left-lg u-align-left-md u-align-left-sm u-align-left-xl u-custom-font u-font-merriweather u-text u-text-8\"><b style=\"\">8. PHAD PHED&nbsp;<\/b>\n                <\/h5>\n                <p class=\"u-align-left-lg u-align-left-md u-align-left-sm u-align-left-xl u-text u-text-9\">R\u00f6dcurry, kokos, citronblad, bambuskott, l\u00f6k, vitk\u00e5l, paprika, morot och basilika<\/p>\n              <\/div>\n            <\/div>\n          <\/div>\n        <\/div>\n      <\/div>\n    <\/section>\n    <section class=\"u-align-center u-clearfix u-section-5\" id=\"carousel_c7a8\">\n      <div class=\"u-clearfix u-sheet u-valign-middle-md u-valign-middle-sm u-sheet-1\">\n        <h6 class=\"u-text u-text-default-lg u-text-default-md u-text-default-sm u-text-default-xl u-text-1\" data-animation-name=\"customAnimationIn\" data-animation-duration=\"1000\" data-animation-delay=\"1000\"> &nbsp;<span class=\"u-file-icon u-icon u-text-custom-color-7\"><img decoding=\"async\" src=\"https:\/\/restaurangornen.nu\/24\/wp-content\/uploads\/2024\/07\/e76945ac.png\" alt=\"\"><\/span> &nbsp; Friterat - med ris\n        <\/h6>\n        <div class=\"u-expanded-width u-list u-list-1\">\n          <div class=\"u-repeater u-repeater-1\">\n            <div class=\"u-align-center-xs u-container-style u-list-item u-radius-50 u-repeater-item u-shape-round u-white u-list-item-1\">\n              <div class=\"u-container-layout u-similar-container u-container-layout-1\">\n                <div class=\"u-border-4 u-border-custom-color-7 u-image u-image-circle u-image-1\" alt=\"\" data-image-width=\"360\" data-image-height=\"541\" style=\"background-image: url(&quot;https:\/\/restaurangornen.nu\/24\/wp-content\/uploads\/2024\/07\/98.jpg.jpg&quot;);\"><\/div>\n                <h5 class=\"u-align-left-lg u-align-left-md u-align-left-sm u-align-left-xl u-custom-font u-font-merriweather u-text u-text-2\"><b>9. 10 st vegetariska&nbsp;v\u00e5rrullar  och s\u00f6tsur s\u00e5s<\/b>\n                <\/h5>\n                <p class=\"u-align-left-lg u-align-left-md u-align-left-sm u-align-left-xl u-text u-text-3\">Cashewn\u00f6t, l\u00f6k, ananas, morot, paprika, vitk\u00e5l och ostrons\u00e5s<\/p>\n              <\/div>\n            <\/div>\n            <div class=\"u-align-center-xs u-container-style u-list-item u-radius-50 u-repeater-item u-shape-round u-white u-list-item-2\">\n              <div class=\"u-container-layout u-similar-container u-container-layout-2\">\n                <div class=\"u-border-4 u-border-custom-color-7 u-image u-image-circle u-image-2\" alt=\"\" data-image-width=\"640\" data-image-height=\"640\" style=\"background-image: url(&quot;https:\/\/restaurangornen.nu\/24\/wp-content\/uploads\/2024\/07\/88.jpg&quot;);\"><\/div>\n                <h5 class=\"u-align-left-lg u-align-left-md u-align-left-sm u-align-left-xl u-custom-font u-font-merriweather u-text u-text-4\"><b>10. GOoNG TOD&nbsp;<\/b>\n                <\/h5>\n                <p class=\"u-align-left-lg u-align-left-md u-align-left-sm u-align-left-xl u-text u-text-5\"> Friterade r\u00e4kor och s\u00f6tsur s\u00e5s<\/p>\n              <\/div>\n            <\/div>\n            <div class=\"u-align-center-xs u-container-style u-list-item u-radius-50 u-repeater-item u-shape-round u-white u-list-item-3\">\n              <div class=\"u-container-layout u-similar-container u-container-layout-3\">\n                <div class=\"u-border-4 u-border-custom-color-7 u-image u-image-circle u-image-3\" alt=\"\" data-image-width=\"800\" data-image-height=\"533\" style=\"background-image: url(&quot;https:\/\/restaurangornen.nu\/24\/wp-content\/uploads\/2024\/07\/89.jpg&quot;);\"><\/div>\n                <h5 class=\"u-align-left-lg u-align-left-md u-align-left-sm u-align-left-xl u-custom-font u-font-merriweather u-text u-text-6\"><b>11. GAI TOD&nbsp;<\/b>\n                <\/h5>\n                <p class=\"u-align-left-lg u-align-left-md u-align-left-sm u-align-left-xl u-text u-text-7\"> Friterade kyckling och s\u00f6tsur s\u00e5s<\/p>\n              <\/div>\n            <\/div>\n            <div class=\"u-align-center-xs u-container-style u-list-item u-radius-50 u-repeater-item u-shape-round u-white u-list-item-4\">\n              <div class=\"u-container-layout u-similar-container u-container-layout-4\">\n                <div class=\"u-border-4 u-border-custom-color-7 u-image u-image-circle u-image-4\" alt=\"\" data-image-width=\"484\" data-image-height=\"304\" style=\"background-image: url(&quot;https:\/\/restaurangornen.nu\/24\/wp-content\/uploads\/2024\/07\/90.jpg&quot;);\"><\/div>\n                <h5 class=\"u-align-left-lg u-align-left-md u-align-left-sm u-align-left-xl u-custom-font u-font-merriweather u-text u-text-8\"><b>12. KHAO PHAD<\/b>\n                <\/h5>\n                <p class=\"u-align-left-lg u-align-left-md u-align-left-sm u-align-left-xl u-text u-text-9\"> \u00c4gg, olika gr\u00f6nsaker wokat med ris<\/p>\n              <\/div>\n            <\/div>\n          <\/div>\n        <\/div>\n      <\/div>\n    <\/section>\n    <section class=\"u-align-center u-clearfix u-section-6\" id=\"carousel_259e\">\n      <div class=\"u-clearfix u-sheet u-sheet-1\">\n        <h6 class=\"u-text u-text-default-lg u-text-default-md u-text-default-sm u-text-default-xl u-text-1\" data-animation-name=\"customAnimationIn\" data-animation-duration=\"1000\" data-animation-delay=\"1000\"> &nbsp;<span class=\"u-file-icon u-icon u-text-custom-color-7\"><img decoding=\"async\" src=\"https:\/\/restaurangornen.nu\/24\/wp-content\/uploads\/2024\/07\/e76945ac.png\" alt=\"\"><\/span>&nbsp; Nudlar\n        <\/h6>\n        <div class=\"u-expanded-width u-list u-list-1\">\n          <div class=\"u-repeater u-repeater-1\">\n            <div class=\"u-align-center-xs u-container-style u-list-item u-radius-50 u-repeater-item u-shape-round u-white u-list-item-1\">\n              <div class=\"u-container-layout u-similar-container u-container-layout-1\">\n                <div class=\"u-border-4 u-border-custom-color-7 u-image u-image-circle u-image-1\" alt=\"\" data-image-width=\"800\" data-image-height=\"800\" style=\"background-image: url(&quot;https:\/\/restaurangornen.nu\/24\/wp-content\/uploads\/2024\/07\/91.jpg&quot;);\"><\/div>\n                <h5 class=\"u-align-left-lg u-align-left-md u-align-left-sm u-align-left-xl u-custom-font u-font-merriweather u-text u-text-2\"><b>13. PHAD MEE LUANG<\/b>\n                <\/h5>\n                <p class=\"u-align-left-lg u-align-left-md u-align-left-sm u-align-left-xl u-text u-text-3\">\u00c4ggnudlar, broccoli, vitk\u00e5l, morot, purjol\u00f6k och jordn\u00f6tter<\/p>\n              <\/div>\n            <\/div>\n            <div class=\"u-align-center-xs u-container-style u-list-item u-radius-50 u-repeater-item u-shape-round u-white u-list-item-2\">\n              <div class=\"u-container-layout u-similar-container u-container-layout-2\">\n                <div class=\"u-border-4 u-border-custom-color-7 u-image u-image-circle u-image-2\" alt=\"\" data-image-width=\"1000\" data-image-height=\"1500\" style=\"background-image: url(&quot;https:\/\/restaurangornen.nu\/24\/wp-content\/uploads\/2024\/07\/92.jpg&quot;);\"><\/div>\n                <h5 class=\"u-align-left-lg u-align-left-md u-align-left-sm u-align-left-xl u-custom-font u-font-merriweather u-text u-text-4\"><b>14. PHAD THAI<\/b>\n                <\/h5>\n                <p class=\"u-align-left-lg u-align-left-md u-align-left-sm u-align-left-xl u-text u-text-5\">Risnudlar, \u00e4gg, purjol\u00f6k, vitk\u00e5l, morot, citron och jordn\u00f6tter<\/p>\n              <\/div>\n            <\/div>\n          <\/div>\n        <\/div>\n      <\/div>\n    <\/section>\n    <section class=\"u-align-center u-clearfix u-section-7\" id=\"carousel_4800\">\n      <div class=\"u-clearfix u-sheet u-valign-middle-lg u-valign-middle-xl u-sheet-1\">\n        <h6 class=\"u-text u-text-default-lg u-text-default-md u-text-default-sm u-text-default-xl u-text-1\" data-animation-name=\"customAnimationIn\" data-animation-duration=\"1000\" data-animation-delay=\"1000\"><span class=\"u-file-icon u-icon u-text-custom-color-7\"><img decoding=\"async\" src=\"https:\/\/restaurangornen.nu\/24\/wp-content\/uploads\/2024\/07\/e76945ac.png\" alt=\"\"><\/span>&nbsp; Soppor - med ris\n        <\/h6>\n        <div class=\"u-expanded-width u-list u-list-1\">\n          <div class=\"u-repeater u-repeater-1\">\n            <div class=\"u-align-center-xs u-container-style u-custom-item u-list-item u-radius-50 u-repeater-item u-shape-round u-white u-list-item-1\">\n              <div class=\"u-container-layout u-similar-container u-valign-bottom-lg u-valign-bottom-xl u-container-layout-1\">\n                <div class=\"u-border-4 u-border-custom-color-7 u-image u-image-circle u-image-1\" alt=\"\" data-image-width=\"1200\" data-image-height=\"1200\" style=\"background-image: url(&quot;https:\/\/restaurangornen.nu\/24\/wp-content\/uploads\/2024\/07\/93.jpg&quot;);\"><\/div>\n                <h5 class=\"u-align-left-lg u-align-left-md u-align-left-sm u-align-left-xl u-custom-font u-font-merriweather u-text u-text-2\"><b>15. TOM KHA&nbsp;<\/b>\n                <\/h5>\n                <p class=\"u-align-left-lg u-align-left-md u-align-left-sm u-align-left-xl u-text u-text-3\"> Kokosmj\u00f6lk, limeblad, galangal, citrongr\u00e4s, l\u00f6k, champinjoner, bambuskott, tomat, koriander, citronjuice.(Inte stark, passar \u00e4ven till barn)<\/p>\n              <\/div>\n            <\/div>\n            <div class=\"u-align-center-xs u-container-style u-custom-item u-list-item u-radius-50 u-repeater-item u-shape-round u-white u-list-item-2\">\n              <div class=\"u-container-layout u-similar-container u-valign-bottom-lg u-valign-bottom-xl u-container-layout-2\">\n                <div class=\"u-border-4 u-border-custom-color-7 u-image u-image-circle u-image-2\" alt=\"\" data-image-width=\"1080\" data-image-height=\"960\" style=\"background-image: url(&quot;https:\/\/restaurangornen.nu\/24\/wp-content\/uploads\/2024\/07\/94.jpg&quot;);\"><\/div>\n                <h5 class=\"u-align-left-lg u-align-left-md u-align-left-sm u-align-left-xl u-custom-font u-font-merriweather u-text u-text-4\"><b>16.TOM YAM&nbsp;<\/b>\n                <\/h5>\n                <p class=\"u-align-left-lg u-align-left-md u-align-left-sm u-align-left-xl u-text u-text-5\"> Kokosmj\u00f6lk, limeblad, galangal, citrongr\u00e4s, l\u00f6k, champinjoner, tomat, koriander, f\u00e4rsk chili, chili pasta, citronjuice. (Lite starkare) &nbsp;<\/p>\n              <\/div>\n            <\/div>\n          <\/div>\n        <\/div>\n      <\/div>\n    <\/section>\n    \n    \n    \n    \n    \n  \n","protected":false},"excerpt":{"rendered":"Suggen p\u00e5 n\u00e5got nytt?&nbsp; Hos oss du kan uppleva mat fr\u00e5n olika v\u00e4rldsdelar. \u200bKika in v\u00e5ra menyer f\u00f6r Frukost, Lunch, Fest, Catering, H\u00e4mtmat&nbsp;och \u00e4ven Foodtruck&nbsp;menyer. Njuta! VISA MER Foodtruck ALLA VECKOR &amp; VARDAGAR MELLAN 10:00-18:00 P\u00c5&nbsp;SCA&nbsp;Obbola Dyk upp p\u00e5 plats eller best\u00e4ll genom att ringa 0738001681 visa mer Vegetariskt\/Tofu&nbsp;90:-&nbsp; &nbsp;Kyckling&nbsp;95:-&nbsp; &nbsp;Biff&nbsp;99:-&nbsp; &nbsp;R\u00e4kor&nbsp;99:- &nbsp; Grytor &#8211; &hellip; <a href=\"https:\/\/restaurangornen.nu\/24\/foodtruck\/\" class=\"more-link\">Continue reading<span class=\"screen-reader-text\"> &#8220;Foodtruck&#8221;<\/span><\/a>","protected":false},"author":1,"featured_media":0,"parent":0,"menu_order":5,"comment_status":"closed","ping_status":"closed","template":"","meta":{"footnotes":""},"class_list":["post-104","page","type-page","status-publish","hentry"],"_links":{"self":[{"href":"https:\/\/restaurangornen.nu\/24\/wp-json\/wp\/v2\/pages\/104","targetHints":{"allow":["GET"]}}],"collection":[{"href":"https:\/\/restaurangornen.nu\/24\/wp-json\/wp\/v2\/pages"}],"about":[{"href":"https:\/\/restaurangornen.nu\/24\/wp-json\/wp\/v2\/types\/page"}],"author":[{"embeddable":true,"href":"https:\/\/restaurangornen.nu\/24\/wp-json\/wp\/v2\/users\/1"}],"replies":[{"embeddable":true,"href":"https:\/\/restaurangornen.nu\/24\/wp-json\/wp\/v2\/comments?post=104"}],"version-history":[{"count":1,"href":"https:\/\/restaurangornen.nu\/24\/wp-json\/wp\/v2\/pages\/104\/revisions"}],"predecessor-version":[{"id":113,"href":"https:\/\/restaurangornen.nu\/24\/wp-json\/wp\/v2\/pages\/104\/revisions\/113"}],"wp:attachment":[{"href":"https:\/\/restaurangornen.nu\/24\/wp-json\/wp\/v2\/media?parent=104"}],"curies":[{"name":"wp","href":"https:\/\/api.w.org\/{rel}","templated":true}]}}