{"id":102,"date":"2024-07-17T21:42:56","date_gmt":"2024-07-17T19:42:56","guid":{"rendered":"https:\/\/restaurangornen.nu\/24\/fest\/"},"modified":"2024-07-17T21:43:04","modified_gmt":"2024-07-17T19:43:04","slug":"fest","status":"publish","type":"page","link":"https:\/\/restaurangornen.nu\/24\/fest\/","title":{"rendered":"Fest"},"content":{"rendered":"\n  \n    <section class=\"skrollable u-align-center u-clearfix u-image u-parallax u-section-1\" id=\"carousel_77bd\" data-image-width=\"853\" data-image-height=\"1280\" style=\"background-image: url(&quot;https:\/\/images.unsplash.com\/photo-1488477181946-6428a0291777?crop=entropy&amp;cs=srgb&amp;fm=jpg&amp;ixid=M3w1NzgzNjl8MHwxfHNlYXJjaHwxMTJ8fGZlc3QlMjBmb29kfGVufDB8fHx8MTcxNjgwMzE4Mnww&amp;ixlib=rb-4.0.3&amp;q=85&quot;);\">\n      <div class=\"u-clearfix u-sheet u-sheet-1\">\n        <div class=\"u-align-center u-container-style u-expanded-width-xs u-group u-white u-group-1\">\n          <div class=\"u-container-layout u-container-layout-1\">\n            <h2 class=\"u-custom-font u-font-oswald u-text u-text-1\" data-animation-name=\"customAnimationIn\" data-animation-duration=\"1000\" data-animation-delay=\"1000\"> Den aptitretande doften av festmat <\/h2>\n          <\/div>\n        <\/div>\n        <div class=\"u-align-center-lg u-align-center-md u-align-center-xl u-container-style u-expanded-width-xs u-group u-white u-group-2\" data-animation-name=\"customAnimationIn\" data-animation-duration=\"1000\" data-animation-delay=\"2000\">\n          <div class=\"u-container-layout u-container-layout-2\">\n            <h2 class=\"u-align-center-sm u-align-center-xs u-custom-font u-font-oswald u-text u-text-2\"> \u00e4r sv\u00e5r att motst\u00e5!&nbsp;<\/h2>\n          <\/div>\n        <\/div>\n        <a href=\"https:\/\/restaurangornen.nu\/24\/fest\/#carousel_46ba\" class=\"u-active-black u-black u-border-none u-btn u-btn-round u-button-style u-hover-custom-color-7 u-radius u-text-custom-color-7 u-text-hover-white u-btn-1\" data-animation-name=\"flash\" data-animation-duration=\"1000\" data-animation-delay=\"3000\" data-animation-direction=\"\">Visa mer <\/a>\n      <\/div>\n    <\/section>\n    <section class=\"u-clearfix u-valign-middle-md u-valign-middle-sm u-valign-middle-xs u-white u-section-2\" id=\"carousel_46ba\">\n      <h1 class=\"u-custom-font u-font-oswald u-text u-text-1\" data-animation-name=\"customAnimationIn\" data-animation-duration=\"1000\" data-animation-delay=\"1000\"> F\u00e5 in i festst\u00e4mningen&nbsp;<span style=\"font-weight: 700;\">\n          <br>p\u00e5 \u00d6rnen\n        <\/span>!&nbsp;\n      <\/h1>\n      <p class=\"u-text u-text-grey-40 u-text-2\" data-animation-name=\"customAnimationIn\" data-animation-duration=\"1000\" data-animation-delay=\"2000\">F\u00e5 in i festst\u00e4mningen p\u00e5 v\u00e5r restaurang! V\u00e5r speciella festmeny inneh\u00e5ller en rad l\u00e4ckra och dekadenta r\u00e4tter f\u00f6r att gl\u00e4dja dina smakl\u00f6kar. Fr\u00e5n v\u00e4lsmakande rostad kyckling och skinka, till s\u00f6t och syrlig tranb\u00e4rss\u00e5s och rik chokladkaka, v\u00e5r festmeny \u00e4r se till att tillfredsst\u00e4lla dina beg\u00e4r. Boka ditt bord nu och g\u00f6r din festtid till en minnesv\u00e4rd!<\/p>\n      <a href=\"https:\/\/restaurangornen.nu\/24\/fest\/#carousel_bdf5\" class=\"u-black u-btn u-button-style u-btn-1\" data-animation-name=\"flash\" data-animation-duration=\"1000\" data-animation-delay=\"3000\" data-animation-direction=\"\">Visa mer <\/a>\n    <\/section>\n    <section class=\"u-align-right u-clearfix u-section-3\" id=\"carousel_c827\">\n      <div class=\"u-clearfix u-sheet u-sheet-1\">\n        <div class=\"custom-expanded u-absolute-hcenter-xs u-custom-color-7 u-shape u-shape-rectangle u-shape-1\" data-animation-name=\"customAnimationIn\" data-animation-duration=\"1000\" data-animation-delay=\"6000\"><\/div>\n        <h1 class=\"u-custom-font u-font-oswald u-text u-text-1\" data-animation-name=\"customAnimationIn\" data-animation-duration=\"1000\" data-animation-delay=\"1000\">fest<\/h1>\n        <p class=\"u-text u-text-black u-text-2\" data-animation-name=\"customAnimationIn\" data-animation-duration=\"1000\" data-animation-delay=\"2000\"> KULINARISKT \u00c4VENTYR P\u00c5 \u00d6N F\u00d6R ALLA F\u00d6RETAG &amp; PRIVATA BJUDNINGAR.<br>Inklusive lokal, dryck &amp; efterr\u00e4tt.\n        <\/p>\n        <div class=\"data-layout-selected u-clearfix u-expanded-width u-gutter-20 u-layout-wrap u-layout-wrap-1\">\n          <div class=\"u-gutter-0 u-layout\">\n            <div class=\"u-layout-row\">\n              <div class=\"u-align-left u-container-style u-layout-cell u-right-cell u-size-20 u-layout-cell-1\" src=\"\" data-animation-name=\"fadeIn\" data-animation-duration=\"1000\" data-animation-delay=\"0\">\n                <div class=\"u-container-layout u-container-layout-1\">\n                  <a href=\"https:\/\/restaurangornen.nu\/24\/fest\/#carousel_77bd\" class=\"u-link u-no-underline u-text-custom-color-7 u-text-hover-black u-link-1\">fest<span class=\"u-text-custom-color-7\"><\/span>\n                  <\/a>\n                  <a href=\"https:\/\/restaurangornen.nu\/24\/fest\/#carousel_77bd\" class=\"u-link u-no-underline u-text-black u-text-hover-custom-color-7 u-link-2\" data-animation-name=\"customAnimationIn\" data-animation-duration=\"1000\" data-animation-delay=\"1000\">frukost <\/a>\n                  <a href=\"https:\/\/restaurangornen.nu\/24\/lunch\/#carousel_77bd\" class=\"u-link u-no-underline u-text-black u-text-hover-custom-color-7 u-link-3\" data-animation-name=\"customAnimationIn\" data-animation-duration=\"1000\" data-animation-delay=\"2000\">lunch <\/a>\n                  <a href=\"https:\/\/restaurangornen.nu\/24\/foodtruck\/#carousel_d929\" class=\"u-link u-no-underline u-text-black u-text-hover-custom-color-7 u-link-4\" data-animation-name=\"customAnimationIn\" data-animation-duration=\"1000\" data-animation-delay=\"3000\">foodtruck <\/a>\n                  <a href=\"https:\/\/restaurangornen.nu\/24\/hamtmat\/#carousel_d929\" class=\"u-link u-no-underline u-text-black u-text-hover-custom-color-7 u-link-5\" data-animation-name=\"customAnimationIn\" data-animation-duration=\"1000\" data-animation-delay=\"4000\">h\u00e4mtmat <\/a>\n                  <a href=\"https:\/\/restaurangornen.nu\/24\/catering\/#carousel_9766\" class=\"u-link u-no-underline u-text-black u-text-hover-custom-color-7 u-link-6\" data-animation-name=\"customAnimationIn\" data-animation-duration=\"1000\" data-animation-delay=\"5000\">catering <\/a>\n                <\/div>\n              <\/div>\n              <div class=\"u-container-style u-image u-layout-cell u-size-20 u-image-1\" src=\"\" data-image-width=\"1280\" data-image-height=\"1013\" data-animation-name=\"pulse\" data-animation-duration=\"1000\" data-animation-delay=\"7000\" data-animation-direction=\"\" style=\"background-image: url(&quot;https:\/\/images.unsplash.com\/photo-1625944226957-10458fe06691?crop=entropy&amp;cs=srgb&amp;fm=jpg&amp;ixid=M3w1NzgzNjl8MHwxfHNlYXJjaHw5Mnx8YmFyYmVxdWV8ZW58MHx8fHwxNzE2ODAzMjQ5fDA&amp;ixlib=rb-4.0.3&amp;q=85&quot;);\">\n                <div class=\"u-container-layout u-container-layout-2\"><\/div>\n              <\/div>\n              <div class=\"u-container-style u-layout-cell u-left-cell u-size-20 u-layout-cell-3\" src=\"\">\n                <div class=\"u-container-layout u-valign-bottom-lg u-valign-bottom-md u-valign-bottom-sm u-valign-bottom-xl u-container-layout-3\">\n                  <img decoding=\"async\" class=\"u-expanded-width u-image u-image-2\" src=\"https:\/\/images.unsplash.com\/photo-1527529482837-4698179dc6ce?crop=entropy&amp;cs=srgb&amp;fm=jpg&amp;ixid=M3w1NzgzNjl8MHwxfHNlYXJjaHw0NHx8ZmVzdCUyMGZvb2R8ZW58MHx8fHwxNzE2ODAzMTQ5fDA&amp;ixlib=rb-4.0.3&amp;q=85\" data-image-width=\"1280\" data-image-height=\"853\" data-animation-name=\"pulse\" data-animation-duration=\"1000\" data-animation-delay=\"8000\" data-animation-direction=\"\">\n                <\/div>\n              <\/div>\n            <\/div>\n          <\/div>\n        <\/div>\n      <\/div>\n    <\/section>\n    <section class=\"u-clearfix u-section-4\" id=\"carousel_bdf5\">\n      <div class=\"u-clearfix u-sheet u-valign-middle-lg u-valign-middle-md u-valign-middle-sm u-valign-middle-xl u-sheet-1\">\n        <div class=\"data-layout-selected u-clearfix u-expanded-width u-gutter-30 u-layout-wrap u-layout-wrap-1\">\n          <div class=\"u-layout\" style=\"\">\n            <div class=\"u-layout-row\" style=\"\">\n              <div class=\"u-align-left u-container-style u-image u-layout-cell u-left-cell u-size-15 u-size-30-md u-image-1\" src=\"\" data-image-width=\"740\" data-image-height=\"925\" data-animation-name=\"flipIn\" data-animation-duration=\"1000\" data-animation-delay=\"1000\" data-animation-direction=\"X\" style=\"background-image: url(&quot;https:\/\/restaurangornen.nu\/24\/wp-content\/uploads\/2024\/07\/27.jpg&quot;);\">\n                <div class=\"u-container-layout\" src=\"\"><\/div>\n              <\/div>\n              <div class=\"u-align-left u-container-style u-layout-cell u-size-15 u-size-30-md u-white u-layout-cell-2\">\n                <div class=\"u-container-layout u-container-layout-2\">\n                  <h4 class=\"u-custom-font u-font-oswald u-text u-text-1\" data-animation-name=\"customAnimationIn\" data-animation-duration=\"1000\" data-animation-delay=\"2000\"><b>GRILLBUFF\u00c9<\/b>\n                  <\/h4>\n                  <ul class=\"u-text u-text-grey-40 u-text-2\">\n                    <li> Bbq och vitl\u00f6ksmarinerad kycklingfil\u00e9<\/li>\n                    <li>Helstekt fl\u00e4skfil\u00e9 med honung och rosmarin&nbsp;<\/li>\n                    <li>Grillad Corn<\/li>\n                    <li>Vitl\u00f6ksrostad potatis eller potatisgrat\u00e4ng&nbsp;<\/li>\n                    <li>Stor grillsallad&nbsp;<\/li>\n                    <li>Ett glas vin\/\u00f6l<\/li>\n                    <li>Efterr\u00e4tt - Chokladmousse, glass, kolas\u00e5s, knaprigt havrekrisp, marsmallows &amp; b\u00e4r<\/li>\n                    <li>\n                      <span style=\"font-weight: 700;\">350 KR\/ PERSON<\/span>\n                      <br>\n                    <\/li>\n                  <\/ul>\n                <\/div>\n              <\/div>\n              <div class=\"u-align-left u-container-style u-image u-layout-cell u-size-15 u-size-30-md u-image-2\" src=\"\" data-image-width=\"360\" data-image-height=\"542\" data-animation-name=\"flipIn\" data-animation-duration=\"1000\" data-animation-delay=\"3000\" data-animation-direction=\"X\" style=\"background-image: url(&quot;https:\/\/restaurangornen.nu\/24\/wp-content\/uploads\/2024\/07\/38.jpg&quot;);\">\n                <div class=\"u-container-layout\" src=\"\"><\/div>\n              <\/div>\n              <div class=\"u-align-left u-container-style u-layout-cell u-right-cell u-size-15 u-size-30-md u-white u-layout-cell-4\">\n                <div class=\"u-container-layout u-container-layout-4\">\n                  <h4 class=\"u-custom-font u-font-oswald u-text u-text-3\" data-animation-name=\"customAnimationIn\" data-animation-duration=\"1000\" data-animation-delay=\"4000\"><b>GRILLMENY DE LUXE<\/b>\n                  <\/h4>\n                  <ul class=\"u-text u-text-grey-40 u-text-4\">\n                    <li> F\u00f6rr\u00e4tt R\u00e4kcocktail<\/li>\n                    <li>Bbq- och vitl\u00f6ksmarinerad kycklingfil\u00e9<\/li>\n                    <li>Dubble-marinerad fl\u00e4skfil\u00e9 (ingef\u00e4ra, vitl\u00f6k &amp; rosmarin)<\/li>\n                    <li>Cornribs<\/li>\n                    <li>Rostad vitl\u00f6ksmarinerad potatis&nbsp;<\/li>\n                    <li>Tv\u00e5 glas vin eller \u00f6l&nbsp;<\/li>\n                    <li>Efterr\u00e4tt - Chokladmousse, glass, kolas\u00e5s, knaprigt havrekrisp, marsmallows &amp; b\u00e4r<\/li>\n                    <li><b>495 KR \/PERSON<\/b>\n                    <\/li>\n                  <\/ul>\n                <\/div>\n              <\/div>\n            <\/div>\n          <\/div>\n        <\/div>\n        <div class=\"data-layout-selected u-clearfix u-expanded-width u-gutter-30 u-layout-wrap u-layout-wrap-2\">\n          <div class=\"u-layout\" style=\"\">\n            <div class=\"u-layout-row\" style=\"\">\n              <div class=\"u-align-left u-container-style u-image u-layout-cell u-left-cell u-size-15 u-image-3\" src=\"\" data-image-width=\"360\" data-image-height=\"540\" data-animation-name=\"flipIn\" data-animation-duration=\"1000\" data-animation-delay=\"5000\" data-animation-direction=\"X\" style=\"background-image: url(&quot;https:\/\/restaurangornen.nu\/24\/wp-content\/uploads\/2024\/07\/44.jpg&quot;);\">\n                <div class=\"u-container-layout\" src=\"\"><\/div>\n              <\/div>\n              <div class=\"u-align-left u-container-style u-layout-cell u-size-15 u-white u-layout-cell-6\">\n                <div class=\"u-container-layout u-container-layout-6\">\n                  <h4 class=\"u-custom-font u-font-oswald u-text u-text-5\" data-animation-name=\"customAnimationIn\" data-animation-duration=\"1000\" data-animation-delay=\"6000\"><b>BUFF\u00c9 FR\u00c5N V\u00c4RLDENS ALLA FYRA H\u00d6RN&nbsp;&nbsp;<span class=\"u-icon\"><\/span><\/b>\n                  <\/h4>\n                  <ul class=\"u-text u-text-grey-40 u-text-6\">\n                    <li> Varma och kalla r\u00e4tter fr\u00e5n Karibien, Asien och hemlagade specialiteter fr\u00e5n mitt eget Afrika.&nbsp;<\/li>\n                    <li>Utbud efter s\u00e4song.<\/li>\n                    <li>Tv\u00e5 glas vin eller \u00f6l<\/li>\n                    <li>Efterr\u00e4tt - Chokladmousse, glass, kolas\u00e5s, knaprigt havrekrisp, marsmallow &amp; b\u00e4r<\/li>\n                    <li><b>595&nbsp;<\/b>\n                      <span style=\"font-weight: 700;\">KR\/ PERSON<\/span>\n                    <\/li>\n                  <\/ul>\n                <\/div>\n              <\/div>\n              <div class=\"u-align-left u-container-style u-image u-layout-cell u-size-30 u-image-4\" src=\"\" data-image-width=\"740\" data-image-height=\"925\" data-animation-name=\"flipIn\" data-animation-duration=\"1000\" data-animation-delay=\"7000\" data-animation-direction=\"X\" style=\"background-image: url(&quot;https:\/\/restaurangornen.nu\/24\/wp-content\/uploads\/2024\/07\/18.jpg&quot;);\">\n                <div class=\"u-container-layout\" src=\"\"><\/div>\n              <\/div>\n            <\/div>\n          <\/div>\n        <\/div>\n      <\/div>\n    <\/section>\n    <section class=\"skrollable u-align-center u-clearfix u-image u-parallax u-section-5\" id=\"carousel_28ad\" data-image-width=\"1280\" data-image-height=\"854\" style=\"background-image: url(&quot;https:\/\/images.unsplash.com\/photo-1511795409834-ef04bbd61622?crop=entropy&amp;cs=srgb&amp;fm=jpg&amp;ixid=M3w1NzgzNjl8MHwxfHNlYXJjaHwzMXx8d2VkZGluZyUyMHRhYmxlJTIwbWVudXxlbnwwfHx8fDE3MTY4MDY2MDl8MA&amp;ixlib=rb-4.0.3&amp;q=85&quot;);\">\n      <div class=\"u-clearfix u-sheet u-sheet-1\">\n        <div class=\"u-social-icons u-spacing-10 u-social-icons-1\">\n          <a class=\"u-social-url\" target=\"_blank\" href=\"https:\/\/facebook.com\/restaurangornen\" title=\"facebook\"><span class=\"u-icon u-icon-circle u-social-facebook u-social-icon u-icon-1\"><svg class=\"u-svg-link\" preserveAspectRatio=\"xMidYMin slice\" viewBox=\"0 0 112 112\" style=\"\"><use xlink:href=\"#svg-0453\"><\/use><\/svg><svg x=\"0px\" y=\"0px\" viewBox=\"0 0 112 112\" id=\"svg-0453\" class=\"u-svg-content\"><path d=\"M75.5,28.8H65.4c-1.5,0-4,0.9-4,4.3v9.4h13.9l-1.5,15.8H61.4v45.1H42.8V58.3h-8.8V42.4h8.8V32.2 c0-7.4,3.4-18.8,18.8-18.8h13.8v15.4H75.5z\"><\/path><\/svg><\/span>\n          <\/a>\n          <a class=\"u-social-url\" target=\"_blank\" href=\"https:\/\/instagram.com\/restaurangornen\" title=\"instagram\"><span class=\"u-icon u-icon-circle u-social-icon u-social-instagram u-icon-2\"><svg class=\"u-svg-link\" preserveAspectRatio=\"xMidYMin slice\" viewBox=\"0 0 112 112\" style=\"\"><use xlink:href=\"#svg-e645\"><\/use><\/svg><svg x=\"0px\" y=\"0px\" viewBox=\"0 0 112 112\" id=\"svg-e645\" class=\"u-svg-content\"><path d=\"M55.9,32.9c-12.8,0-23.2,10.4-23.2,23.2s10.4,23.2,23.2,23.2s23.2-10.4,23.2-23.2S68.7,32.9,55.9,32.9z M55.9,69.4c-7.4,0-13.3-6-13.3-13.3c-0.1-7.4,6-13.3,13.3-13.3s13.3,6,13.3,13.3C69.3,63.5,63.3,69.4,55.9,69.4z\"><\/path><path d=\"M79.7,26.8c-3,0-5.4,2.5-5.4,5.4s2.5,5.4,5.4,5.4c3,0,5.4-2.5,5.4-5.4S82.7,26.8,79.7,26.8z\"><\/path><path d=\"M78.2,11H33.5C21,11,10.8,21.3,10.8,33.7v44.7c0,12.6,10.2,22.8,22.7,22.8h44.7c12.6,0,22.7-10.2,22.7-22.7 V33.7C100.8,21.1,90.6,11,78.2,11z M91,78.4c0,7.1-5.8,12.8-12.8,12.8H33.5c-7.1,0-12.8-5.8-12.8-12.8V33.7 c0-7.1,5.8-12.8,12.8-12.8h44.7c7.1,0,12.8,5.8,12.8,12.8V78.4z\"><\/path><\/svg><\/span>\n          <\/a>\n        <\/div>\n        <h2 class=\"u-custom-font u-font-oswald u-text u-text-default u-text-1\"> njut av festtiden!<\/h2>\n      <\/div>\n    <\/section>\n    \n    \n    \n    \n    \n  \n","protected":false},"excerpt":{"rendered":"Den aptitretande doften av festmat \u00e4r sv\u00e5r att motst\u00e5!&nbsp; Visa mer F\u00e5 in i festst\u00e4mningen&nbsp; p\u00e5 \u00d6rnen !&nbsp; F\u00e5 in i festst\u00e4mningen p\u00e5 v\u00e5r restaurang! V\u00e5r speciella festmeny inneh\u00e5ller en rad l\u00e4ckra och dekadenta r\u00e4tter f\u00f6r att gl\u00e4dja dina smakl\u00f6kar. Fr\u00e5n v\u00e4lsmakande rostad kyckling och skinka, till s\u00f6t och syrlig tranb\u00e4rss\u00e5s och rik chokladkaka, v\u00e5r &hellip; <a href=\"https:\/\/restaurangornen.nu\/24\/fest\/\" class=\"more-link\">Continue reading<span class=\"screen-reader-text\"> &#8220;Fest&#8221;<\/span><\/a>","protected":false},"author":1,"featured_media":0,"parent":0,"menu_order":3,"comment_status":"closed","ping_status":"closed","template":"","meta":{"footnotes":""},"class_list":["post-102","page","type-page","status-publish","hentry"],"_links":{"self":[{"href":"https:\/\/restaurangornen.nu\/24\/wp-json\/wp\/v2\/pages\/102","targetHints":{"allow":["GET"]}}],"collection":[{"href":"https:\/\/restaurangornen.nu\/24\/wp-json\/wp\/v2\/pages"}],"about":[{"href":"https:\/\/restaurangornen.nu\/24\/wp-json\/wp\/v2\/types\/page"}],"author":[{"embeddable":true,"href":"https:\/\/restaurangornen.nu\/24\/wp-json\/wp\/v2\/users\/1"}],"replies":[{"embeddable":true,"href":"https:\/\/restaurangornen.nu\/24\/wp-json\/wp\/v2\/comments?post=102"}],"version-history":[{"count":1,"href":"https:\/\/restaurangornen.nu\/24\/wp-json\/wp\/v2\/pages\/102\/revisions"}],"predecessor-version":[{"id":111,"href":"https:\/\/restaurangornen.nu\/24\/wp-json\/wp\/v2\/pages\/102\/revisions\/111"}],"wp:attachment":[{"href":"https:\/\/restaurangornen.nu\/24\/wp-json\/wp\/v2\/media?parent=102"}],"curies":[{"name":"wp","href":"https:\/\/api.w.org\/{rel}","templated":true}]}}